{"id":818,"date":"2024-05-27T11:51:53","date_gmt":"2024-05-27T02:51:53","guid":{"rendered":"https:\/\/kojifmu.com\/?page_id=818"},"modified":"2025-04-23T00:57:15","modified_gmt":"2025-04-22T15:57:15","slug":"%e3%81%8a%e5%95%8f%e3%81%84%e5%90%88%e3%82%8f%e3%81%9b","status":"publish","type":"page","link":"https:\/\/kojifmu.com\/?page_id=818","title":{"rendered":"\u304a\u554f\u3044\u5408\u308f\u305b"},"content":{"rendered":"\n<h2 class=\"wp-block-heading\"><\/h2>\n\n\n\n<div class=\"wp-block-contact-form-7-contact-form-selector \/*ContactForm7\u30ab\u30b9\u30bf\u30de\u30a4\u30ba*\/ table.CF7_table{ \twidth:80%; \tmargin:0 auto; \tborder: 3px solid #e5e5e5; }  table.CF7_table tr{ \tborder-top: 1px .single .entry-content table.CF7_table, .page \tdisplay:table; \/*\u5165\u529b\u6b04*\/ .CF7_table input, textarea { #d8d8d8; ::placeholder \tcolor:#797979; \/*\u300c\u5fc5\u9808\u300d\u6587\u5b57*\/ .CF7_req{ \tfont-size:.9em; \tpadding: 5px; \tbackground: #f79034;\/*\u30aa\u30ec\u30f3\u30b8*\/ \tcolor: #fff; \tborder-radius: 3px; \tmargin-right:1em; \/*\u300c\u4efb\u610f\u300d\u6587\u5b57*\/ .CF7_unreq{ #bdbdbd;\/*\u30b0\u30ec\u30fc*\/ \/* \u30bf\u30a4\u30c8\u30eb\u5217 *\/ @media screen and (min-width: 768px){ \t.CF7_table th{ \twidth:30%;\/*\u6a2a\u5e45*\/ \tbackground-color:#ebedf5;\/*\u30d6\u30eb\u30fc\u30b0\u30ec\u30fc*\/ \t} \u30ec\u30b9\u30dd\u30f3\u30b7\u30d6 (max-width: \ttable.CF7_table{ \twidth:95%; tr, td, \tdisplay: block; \twidth: 100%; \tline-height:2.5em; \tbackground-color:#ebedf5; \u300c\u9001\u4fe1\u3059\u308b\u300d\u30dc\u30bf\u30f3 .wpcf7 input.wpcf7-submit \tbackground-color:#f79034;\/* \u30aa\u30ec\u30f3\u30b8*\/ \tborder:0; \tcolor:#fff; \tfont-size:1.2em; \tfont-weight:bold; .CF7_btn{ \ttext-align:center; \tmargin-top:20px; .wpcf7-spinner{ \twidth:0; \tmargin:0;\">\n<div class=\"wpcf7 no-js\" id=\"wpcf7-f862-o1\" lang=\"ja\" dir=\"ltr\" data-wpcf7-id=\"862\">\n<div class=\"screen-reader-response\"><p role=\"status\" aria-live=\"polite\" aria-atomic=\"true\"><\/p> <ul><\/ul><\/div>\n<script type=\"text\/javascript\" charset=\"UTF-8\" src=\"https:\/\/zipaddr.github.io\/zipaddrx.js?v=1.42\"><\/script><script defer src=\"data:text\/javascript;base64,ZnVuY3Rpb24gemlwYWRkcl9vd25iKCl7WlAuZGxpPSctJztaUC53cD0nMSc7WlAudXZlcj0nMjkzMzQuMzMxOTYuNzI2NTMnO1pQLnN5c2lkPSdDb250YWN0Rm9ybTcnO30=\"><\/script><script type=\"text\/javascript\" charset=\"UTF-8\" src=\"https:\/\/zipaddr.github.io\/contactform7.js\"><\/script><form action=\"\/index.php?rest_route=%2Fwp%2Fv2%2Fpages%2F818#wpcf7-f862-o1\" method=\"post\" class=\"wpcf7-form init\" aria-label=\"\u30b3\u30f3\u30bf\u30af\u30c8\u30d5\u30a9\u30fc\u30e0\" novalidate=\"novalidate\" data-status=\"init\">\n<fieldset class=\"hidden-fields-container\"><input type=\"hidden\" name=\"_wpcf7\" value=\"862\" \/><input type=\"hidden\" name=\"_wpcf7_version\" value=\"6.1.5\" \/><input type=\"hidden\" name=\"_wpcf7_locale\" value=\"ja\" \/><input type=\"hidden\" name=\"_wpcf7_unit_tag\" value=\"wpcf7-f862-o1\" \/><input type=\"hidden\" name=\"_wpcf7_container_post\" value=\"0\" \/><input type=\"hidden\" name=\"_wpcf7_posted_data_hash\" value=\"\" \/><input type=\"hidden\" name=\"_wpcf7_recaptcha_response\" value=\"\" \/>\n<\/fieldset>\n<table class=\"CF7_table\">\n\t<tr>\n\t\t<th>\n\t\t\t<div align=left>\n\t\t\t\t<p><span class=\"CF7_req\">\u5fc5\u9808<\/span> \u3054\u76f8\u8ac7\u5185\u5bb9\n\t\t\t\t<\/p>\n\t\t\t<\/div>\n\t\t<\/th>\n\t\t<td>\n\t\t\t<p><span class=\"wpcf7-form-control-wrap\" data-name=\"checkbox-inq\"><span class=\"wpcf7-form-control wpcf7-checkbox wpcf7-validates-as-required\"><span class=\"wpcf7-list-item first\"><input type=\"checkbox\" name=\"checkbox-inq[]\" value=\"\u3054\u76f8\u8ac7\" \/><span class=\"wpcf7-list-item-label\">\u3054\u76f8\u8ac7<\/span><\/span><span class=\"wpcf7-list-item\"><input type=\"checkbox\" name=\"checkbox-inq[]\" value=\"\u304a\u898b\u7a4d\u3082\u308a\" \/><span class=\"wpcf7-list-item-label\">\u304a\u898b\u7a4d\u3082\u308a<\/span><\/span><span class=\"wpcf7-list-item\"><input type=\"checkbox\" name=\"checkbox-inq[]\" value=\"\u304a\u554f\u3044\u5408\u308f\u305b\" \/><span class=\"wpcf7-list-item-label\">\u304a\u554f\u3044\u5408\u308f\u305b<\/span><\/span><span class=\"wpcf7-list-item last\"><input type=\"checkbox\" name=\"checkbox-inq[]\" value=\"\u305d\u306e\u4ed6\" \/><span class=\"wpcf7-list-item-label\">\u305d\u306e\u4ed6<\/span><\/span><\/span><\/span>\n\t\t\t<\/p>\n\t\t<\/td>\n\t<\/tr>\n\t<tr>\n\t\t<th>\n\t\t\t<div align=left>\n\t\t\t\t<p><span class=\"CF7_req\">\u5fc5\u9808<\/span> \u304a\u540d\u524d\n\t\t\t\t<\/p>\n\t\t\t<\/div>\n\t\t<\/th>\n\t\t<td>\n\t\t\t<p><span class=\"wpcf7-form-control-wrap\" data-name=\"your-name\"><input size=\"40\" maxlength=\"400\" class=\"wpcf7-form-control wpcf7-text wpcf7-validates-as-required\" aria-required=\"true\" aria-invalid=\"false\" placeholder=\"\u4f8b\uff1a\u3042\u306a\u305f\u306e\u304a\u540d\u524d\" value=\"\" type=\"text\" name=\"your-name\" \/><\/span>\n\t\t\t<\/p>\n\t\t<\/td>\n\t<\/tr>\n\t<tr>\n\t\t<th>\n\t\t\t<div align=left>\n\t\t\t\t<p><span class=\"CF7_req\">\u5fc5\u9808<\/span> \u2709\u30a2\u30c9\u30ec\u30b9\n\t\t\t\t<\/p>\n\t\t\t<\/div>\n\t\t<\/th>\n\t\t<td>\n\t\t\t<p><span class=\"wpcf7-form-control-wrap\" data-name=\"your-email\"><input size=\"40\" maxlength=\"400\" class=\"wpcf7-form-control wpcf7-email wpcf7-validates-as-required wpcf7-text wpcf7-validates-as-email\" aria-required=\"true\" aria-invalid=\"false\" placeholder=\"\u4f8b\uff1a\u00d7\u00d7\u00d7@\u00d7\u00d7\u00d7.com\" value=\"\" type=\"email\" name=\"your-email\" \/><\/span>\n\t\t\t<\/p>\n\t\t<\/td>\n\t<\/tr>\n\t<tr>\n\t\t<th>\n\t\t\t<div align=left>\n\t\t\t\t<p><span class=\"CF7_unreq\">\u4efb\u610f<\/span>\u4f1a\u793e\u540d\n\t\t\t\t<\/p>\n\t\t\t<\/div>\n\t\t<\/th>\n\t\t<td>\n\t\t\t<p><span class=\"wpcf7-form-control-wrap\" data-name=\"your-company\"><input size=\"40\" maxlength=\"400\" class=\"wpcf7-form-control wpcf7-text\" aria-invalid=\"false\" placeholder=\"\u4f8b\uff1a\u25ef\u25ef\u682a\u5f0f\u4f1a\u793e\" value=\"\" type=\"text\" name=\"your-company\" \/><\/span>\n\t\t\t<\/p>\n\t\t<\/td>\n\t<\/tr>\n\t<tr>\n\t\t<th>\n\t\t\t<div align=left>\n\t\t\t\t<p><span class=\"CF7_req\">\u5fc5\u9808<\/span>\u90f5\u4fbf\u756a\u53f7\n\t\t\t\t<\/p>\n\t\t\t<\/div>\n\t\t<\/th>\n\t\t<td>\n\t\t\t<p><span class=\"wpcf7-form-control-wrap\" data-name=\"zip\"><input size=\"40\" maxlength=\"400\" class=\"wpcf7-form-control wpcf7-text wpcf7-validates-as-required\" id=\"zip\" aria-required=\"true\" aria-invalid=\"false\" placeholder=\"\u4f8b\uff1a123-4567\" value=\"\" type=\"text\" name=\"zip\" \/><\/span>\n\t\t\t<\/p>\n\t\t<\/td>\n\t<\/tr>\n\t<tr>\n\t\t<th>\n\t\t\t<div align=left>\n\t\t\t\t<p><span class=\"CF7_req\">\u5fc5\u9808<\/span>\u90fd\u9053\u5e9c\u770c\n\t\t\t\t<\/p>\n\t\t\t<\/div>\n\t\t<\/th>\n\t\t<td>\n\t\t\t<p><span class=\"wpcf7-form-control-wrap\" data-name=\"pref\"><input size=\"40\" maxlength=\"400\" class=\"wpcf7-form-control wpcf7-text wpcf7-validates-as-required\" id=\"pref\" aria-required=\"true\" aria-invalid=\"false\" placeholder=\"\u4f8b\uff1a\u6771\u4eac\u90fd\" value=\"\" type=\"text\" name=\"pref\" \/><\/span>\n\t\t\t<\/p>\n\t\t<\/td>\n\t<\/tr>\n\t<tr>\n\t\t<th>\n\t\t\t<div align=left>\n\t\t\t\t<p><span class=\"CF7_req\">\u5fc5\u9808<\/span>\u3054\u4f4f\u6240\n\t\t\t\t<\/p>\n\t\t\t<\/div>\n\t\t<\/th>\n\t\t<td class=\"address-100\">\n\t\t\t<p><span class=\"wpcf7-form-control-wrap\" data-name=\"addr\"><input size=\"40\" maxlength=\"400\" class=\"wpcf7-form-control wpcf7-text wpcf7-validates-as-required\" id=\"addr\" aria-required=\"true\" aria-invalid=\"false\" placeholder=\"\u4f8b\uff1a\u4e2d\u592e\u533a\u9280\u5ea7\uff11\uff12\uff13\uff14\uff15\" value=\"\" type=\"text\" name=\"addr\" \/><\/span>\n\t\t\t<\/p>\n\t\t<\/td>\n\t<\/tr>\n\t<tr>\n\t\t<th>\n\t\t\t<div align=left>\n\t\t\t\t<p><span class=\"CF7_req\">\u5fc5\u9808<\/span>\u304a\u96fb\u8a71\u756a\u53f7\n\t\t\t\t<\/p>\n\t\t\t<\/div>\n\t\t<\/th>\n\t\t<td>\n\t\t\t<p><span class=\"wpcf7-form-control-wrap\" data-name=\"your-tel\"><input size=\"40\" maxlength=\"400\" class=\"wpcf7-form-control wpcf7-text wpcf7-validates-as-required\" aria-required=\"true\" aria-invalid=\"false\" placeholder=\"\u4f8b\uff1a03-1234-5678\" value=\"\" type=\"text\" name=\"your-tel\" \/><\/span>\n\t\t\t<\/p>\n\t\t<\/td>\n\t<\/tr>\n\t<tr>\n\t\t<th>\n\t\t\t<div align=left>\n\t\t\t\t<p><span class=\"CF7_req\">\u5fc5\u9808<\/span>\u30e1\u30c3\u30bb\u30fc\u30b8\n\t\t\t\t<\/p>\n\t\t\t<\/div>\n\t\t<\/th>\n\t\t<td class=\"message-100\">\n\t\t\t<p><span class=\"wpcf7-form-control-wrap\" data-name=\"your-message\"><textarea cols=\"40\" rows=\"10\" maxlength=\"2000\" class=\"wpcf7-form-control wpcf7-textarea wpcf7-validates-as-required\" aria-required=\"true\" aria-invalid=\"false\" placeholder=\"\u304a\u554f\u3044\u5408\u308f\u305b\u5185\u5bb9\u3092\u3054\u8a18\u5165\u304f\u3060\u3055\u3044\" name=\"your-message\"><\/textarea><\/span>\n\t\t\t<\/p>\n\t\t<\/td>\n\t<\/tr>\n<\/table>\n<p class=\"CF7_btn\"><input class=\"wpcf7-form-control wpcf7-submit has-spinner\" type=\"submit\" value=\"\u9001\u4fe1\u3059\u308b\" \/>\n<\/p><div class=\"wpcf7-response-output\" aria-hidden=\"true\"><\/div>\n<\/form>\n<\/div>\n<\/div>\n\n\n\n<h3 class=\"wp-block-heading has-text-align-center is-style-vk-heading-solid_black\" style=\"font-size:1.75em\"><strong>LINE\u304b\u3089\u306e\u304a\u554f\u5408\u305b<\/strong><\/h3>\n\n\n\n<p class=\"has-text-align-center vk_block-margin-xs--margin-bottom vk_block-margin-sm--margin-top has-black-color has-text-color\">LINE\u304b\u3089\u3054\u4e88\u7d04\u306e\u5834\u5408\u3001\u4e0b\u8a18\u5185\u5bb9\u3092\u304a\u66f8\u304d\u6dfb\u3048\u304f\u3060\u3055\u3044\u307e\u305b\u3002<\/p>\n\n\n\n<div class=\"wp-block-group is-style-vk-group-solid-roundcorner vk_block-margin-xs--margin-bottom vk_block-margin-0--margin-top has-background\" style=\"border-style:none;border-width:0px;background-color:#fafae1;padding-top:var(--wp--preset--spacing--50);padding-right:var(--wp--preset--spacing--50);padding-bottom:var(--wp--preset--spacing--50);padding-left:var(--wp--preset--spacing--50)\"><div class=\"wp-block-group__inner-container is-layout-constrained wp-container-core-group-is-layout-d399502e wp-block-group-is-layout-constrained\">\n<ul class=\"wp-block-list is-style-vk-numbered-circle-mark vk_block-margin-xs--margin-bottom has-medium-font-size vk_list_1\">\n<li><strong>\u304a\u540d\u524d\uff08\u30d5\u30eb\u30cd\u30fc\u30e0\uff09<\/strong><\/li>\n\n\n\n<li><strong>\u3054\u5e0c\u671b\u306e\u65e5\u6642<\/strong><\/li>\n\n\n\n<li><strong>\u30bf\u30a4\u30c8\u30eb\uff08\u25cb\u25cb\u306b\u3064\u3044\u3066\uff09<\/strong><\/li>\n\n\n\n<li><strong><strong>\u73fe\u5728\u306e\u72b6\u614b\u3092\u3067\u304d\u308b\u3060\u3051\u8a73\u3057\u304f\u304a\u805e\u304b\u305b\u304f\u3060\u3055\u3044<\/strong><\/strong><\/li>\n\n\n\n<li><strong>\u8ffd\u52a0\u306e\u3054\u8981\u671b\uff08\u3082\u3057\u3042\u308c\u3070\uff09<\/strong><\/li>\n<\/ul>\n<\/div><\/div>\n\n\n\n<p class=\"has-text-align-center vk_block-margin-sm--margin-top vk_block-margin-xs--margin-bottom\">\u3053\u306e\u307b\u304b \u4e0d\u52d5\u7523 \u306b\u95a2\u3059\u308b\u3042\u3089\u3086\u308b\u3054\u76f8\u8ac7\u3082\u627f\u3063\u3066\u304a\u308a\u307e\u3059\u3002<\/p>\n\n\n\n<div class=\"wp-block-vk-blocks-button vk_button vk_button-color-custom vk_button-9d5660d5-b3d5-463a-aa49-95b88d379636 vk_button-align-wide vk_block-margin-md--margin-bottom\"><a class=\"vk_button_link btn has-background btn-lg\" role=\"button\" aria-pressed=\"true\" rel=\"noopener\"><div class=\"vk_button_link_caption\"><i class=\"fab fa-line vk_button_link_before\" aria-hidden=\"true\"><\/i><span class=\"vk_button_link_txt\"><strong>\u53cb\u3060\u3061\u306b\u8ffd\u52a0<\/strong><\/span><i class=\"fas fa-arrow-circle-right vk_button_link_after\" aria-hidden=\"true\"><\/i><\/div><\/a><\/div><style type=\"text\/css\">.vk_button-9d5660d5-b3d5-463a-aa49-95b88d379636 .has-background {\n\t\t\t\tbackground-color: #06c755;\n\t\t\t\tborder: 1px solid #06c755;\n\t\t\t} <\/style>\n\n\n\n<div class=\"wp-block-columns is-layout-flex wp-container-core-columns-is-layout-9d6595d7 wp-block-columns-is-layout-flex\">\n<div class=\"wp-block-column is-vertically-aligned-top is-layout-flow wp-block-column-is-layout-flow\">\n<p class=\"has-text-align-center vk_block-margin-sm--margin-bottom has-vk-color-primary-color has-text-color has-medium-font-size\"><strong>\\ \u79c1\u304c\u62c5\u5f53\u3044\u305f\u3057\u307e\u3059 \/<\/strong><\/p>\n\n\n\n<p class=\"has-text-align-center vk_block-margin-0--margin-bottom vk_block-margin-0--margin-top has-medium-font-size\" style=\"line-height:1.3\"><strong><strong>\u30a8\u30f3\u30d1\u30b7\u30fc\u30a8\u30b9\u30c6\u30fc\u30c8\u5408\u540c\u4f1a\u793e<br>\u62c5\u5f53<strong><strong>\uff1a<\/strong><\/strong>\u4e0a\u6749<\/strong><\/strong><\/p>\n\n\n<div class=\"wp-block-image is-style-default vk_block-margin-0--margin-top vk_block-margin-0--margin-bottom\">\n<figure class=\"aligncenter size-full is-resized has-custom-border\"><a href=\"https:\/\/kojifmu.com\/wp-content\/uploads\/4818C770-9E77-4648-86B7-905E252347C1.jpg\"><img loading=\"lazy\" decoding=\"async\" width=\"1024\" height=\"1024\" src=\"https:\/\/kojifmu.com\/wp-content\/uploads\/4818C770-9E77-4648-86B7-905E252347C1.jpg\" alt=\"\" class=\"wp-image-2562\" style=\"border-radius:50%;width:277px;height:auto\" srcset=\"https:\/\/kojifmu.com\/wp-content\/uploads\/4818C770-9E77-4648-86B7-905E252347C1.jpg 1024w, https:\/\/kojifmu.com\/wp-content\/uploads\/4818C770-9E77-4648-86B7-905E252347C1-300x300.jpg 300w, https:\/\/kojifmu.com\/wp-content\/uploads\/4818C770-9E77-4648-86B7-905E252347C1-150x150.jpg 150w, https:\/\/kojifmu.com\/wp-content\/uploads\/4818C770-9E77-4648-86B7-905E252347C1-768x768.jpg 768w, https:\/\/kojifmu.com\/wp-content\/uploads\/4818C770-9E77-4648-86B7-905E252347C1-600x600.jpg 600w, https:\/\/kojifmu.com\/wp-content\/uploads\/4818C770-9E77-4648-86B7-905E252347C1-100x100.jpg 100w\" sizes=\"auto, (max-width: 1024px) 100vw, 1024px\" \/><\/a><\/figure>\n<\/div><\/div>\n\n\n\n<div class=\"wp-block-column is-vertically-aligned-top is-layout-flow wp-block-column-is-layout-flow\">\n<p class=\"has-text-align-center vk_block-margin-sm--margin-bottom has-vk-color-primary-color has-text-color has-medium-font-size\"><strong>\\ \u3054\u6328\u62f6\u306e\u969b\u306b\u304a\u6e21\u3057\u3057\u307e\u3059 \/<\/strong><\/p>\n\n\n<div class=\"wp-block-image is-style-vk-image-shadow\">\n<figure class=\"aligncenter size-full\"><a href=\"https:\/\/patterns.vektor-inc.co.jp\/wp-content\/uploads\/2022\/12\/lightning-line-button-qrsample.png\"><img decoding=\"async\" src=\"https:\/\/patterns.vektor-inc.co.jp\/wp-content\/uploads\/2022\/12\/lightning-line-button-qrsample.png\" alt=\"\" class=\"wp-image-5138\"\/><\/a><\/figure>\n<\/div><\/div>\n<\/div>\n\n\n\n<p><\/p>\n","protected":false},"excerpt":{"rendered":"<p>LINE\u304b\u3089\u306e\u304a\u554f\u5408\u305b LINE\u304b\u3089\u3054\u4e88\u7d04\u306e\u5834\u5408\u3001\u4e0b\u8a18\u5185\u5bb9\u3092\u304a\u66f8\u304d\u6dfb\u3048\u304f\u3060\u3055\u3044\u307e\u305b\u3002 \u3053\u306e\u307b\u304b \u4e0d\u52d5\u7523 \u306b\u95a2\u3059\u308b\u3042\u3089\u3086\u308b\u3054\u76f8\u8ac7\u3082\u627f\u3063\u3066\u304a\u308a\u307e\u3059\u3002 \\ \u79c1\u304c\u62c5\u5f53\u3044\u305f\u3057\u307e\u3059 \/ \u30a8\u30f3\u30d1\u30b7\u30fc\u30a8\u30b9\u30c6\u30fc\u30c8\u5408\u540c\u4f1a\u793e\u62c5\u5f53\uff1a\u4e0a\u6749 \\ \u3054 [&hellip;]<\/p>\n","protected":false},"author":1,"featured_media":0,"parent":0,"menu_order":0,"comment_status":"closed","ping_status":"closed","template":"","meta":{"vkexunit_cta_each_option":"","footnotes":""},"class_list":["post-818","page","type-page","status-publish","hentry"],"yoast_head":"<!-- This site is optimized with the Yoast SEO plugin v27.4 - https:\/\/yoast.com\/product\/yoast-seo-wordpress\/ -->\n<title>\u304a\u554f\u3044\u5408\u308f\u305b - \u30a8\u30f3\u30d1\u30b7\u30fc\u30a8\u30b9\u30c6\u30fc\u30c8\u5408\u540c\u4f1a\u793e\u3000\u30db\u30fc\u30e0\u30da\u30fc\u30b8<\/title>\n<meta name=\"robots\" content=\"index, follow, max-snippet:-1, max-image-preview:large, max-video-preview:-1\" \/>\n<link rel=\"canonical\" href=\"https:\/\/kojifmu.com\/?page_id=818\" \/>\n<meta property=\"og:locale\" content=\"ja_JP\" \/>\n<meta property=\"og:type\" content=\"article\" \/>\n<meta property=\"og:title\" content=\"\u304a\u554f\u3044\u5408\u308f\u305b - \u30a8\u30f3\u30d1\u30b7\u30fc\u30a8\u30b9\u30c6\u30fc\u30c8\u5408\u540c\u4f1a\u793e\u3000\u30db\u30fc\u30e0\u30da\u30fc\u30b8\" \/>\n<meta property=\"og:description\" content=\"LINE\u304b\u3089\u306e\u304a\u554f\u5408\u305b LINE\u304b\u3089\u3054\u4e88\u7d04\u306e\u5834\u5408\u3001\u4e0b\u8a18\u5185\u5bb9\u3092\u304a\u66f8\u304d\u6dfb\u3048\u304f\u3060\u3055\u3044\u307e\u305b\u3002 \u3053\u306e\u307b\u304b \u4e0d\u52d5\u7523 \u306b\u95a2\u3059\u308b\u3042\u3089\u3086\u308b\u3054\u76f8\u8ac7\u3082\u627f\u3063\u3066\u304a\u308a\u307e\u3059\u3002  \u79c1\u304c\u62c5\u5f53\u3044\u305f\u3057\u307e\u3059 \/ \u30a8\u30f3\u30d1\u30b7\u30fc\u30a8\u30b9\u30c6\u30fc\u30c8\u5408\u540c\u4f1a\u793e\u62c5\u5f53\uff1a\u4e0a\u6749  \u3054 [&hellip;]\" \/>\n<meta property=\"og:url\" content=\"https:\/\/kojifmu.com\/?page_id=818\" \/>\n<meta property=\"og:site_name\" content=\"\u30a8\u30f3\u30d1\u30b7\u30fc\u30a8\u30b9\u30c6\u30fc\u30c8\u5408\u540c\u4f1a\u793e\u3000\u30db\u30fc\u30e0\u30da\u30fc\u30b8\" \/>\n<meta property=\"article:modified_time\" content=\"2025-04-22T15:57:15+00:00\" \/>\n<meta property=\"og:image\" content=\"https:\/\/kojifmu.com\/wp-content\/uploads\/4818C770-9E77-4648-86B7-905E252347C1.jpg\" \/>\n\t<meta property=\"og:image:width\" content=\"1024\" \/>\n\t<meta property=\"og:image:height\" content=\"1024\" \/>\n\t<meta property=\"og:image:type\" content=\"image\/jpeg\" \/>\n<meta name=\"twitter:card\" content=\"summary_large_image\" \/>\n<meta name=\"twitter:label1\" content=\"\u63a8\u5b9a\u8aad\u307f\u53d6\u308a\u6642\u9593\" \/>\n\t<meta name=\"twitter:data1\" content=\"2\u5206\" \/>\n<script type=\"application\/ld+json\" class=\"yoast-schema-graph\">{\"@context\":\"https:\\\/\\\/schema.org\",\"@graph\":[{\"@type\":\"WebPage\",\"@id\":\"https:\\\/\\\/kojifmu.com\\\/?page_id=818\",\"url\":\"https:\\\/\\\/kojifmu.com\\\/?page_id=818\",\"name\":\"\u304a\u554f\u3044\u5408\u308f\u305b - \u30a8\u30f3\u30d1\u30b7\u30fc\u30a8\u30b9\u30c6\u30fc\u30c8\u5408\u540c\u4f1a\u793e\u3000\u30db\u30fc\u30e0\u30da\u30fc\u30b8\",\"isPartOf\":{\"@id\":\"https:\\\/\\\/kojifmu.com\\\/#website\"},\"primaryImageOfPage\":{\"@id\":\"https:\\\/\\\/kojifmu.com\\\/?page_id=818#primaryimage\"},\"image\":{\"@id\":\"https:\\\/\\\/kojifmu.com\\\/?page_id=818#primaryimage\"},\"thumbnailUrl\":\"https:\\\/\\\/kojifmu.com\\\/wp-content\\\/uploads\\\/4818C770-9E77-4648-86B7-905E252347C1.jpg\",\"datePublished\":\"2024-05-27T02:51:53+00:00\",\"dateModified\":\"2025-04-22T15:57:15+00:00\",\"breadcrumb\":{\"@id\":\"https:\\\/\\\/kojifmu.com\\\/?page_id=818#breadcrumb\"},\"inLanguage\":\"ja\",\"potentialAction\":[{\"@type\":\"ReadAction\",\"target\":[\"https:\\\/\\\/kojifmu.com\\\/?page_id=818\"]}]},{\"@type\":\"ImageObject\",\"inLanguage\":\"ja\",\"@id\":\"https:\\\/\\\/kojifmu.com\\\/?page_id=818#primaryimage\",\"url\":\"https:\\\/\\\/kojifmu.com\\\/wp-content\\\/uploads\\\/4818C770-9E77-4648-86B7-905E252347C1.jpg\",\"contentUrl\":\"https:\\\/\\\/kojifmu.com\\\/wp-content\\\/uploads\\\/4818C770-9E77-4648-86B7-905E252347C1.jpg\"},{\"@type\":\"BreadcrumbList\",\"@id\":\"https:\\\/\\\/kojifmu.com\\\/?page_id=818#breadcrumb\",\"itemListElement\":[{\"@type\":\"ListItem\",\"position\":1,\"name\":\"Home\",\"item\":\"https:\\\/\\\/kojifmu.com\\\/\"},{\"@type\":\"ListItem\",\"position\":2,\"name\":\"\u304a\u554f\u3044\u5408\u308f\u305b\"}]},{\"@type\":\"WebSite\",\"@id\":\"https:\\\/\\\/kojifmu.com\\\/#website\",\"url\":\"https:\\\/\\\/kojifmu.com\\\/\",\"name\":\"\u30a8\u30f3\u30d1\u30b7\u30fc\u30a8\u30b9\u30c6\u30fc\u30c8\u5408\u540c\u4f1a\u793e\u3000\u30db\u30fc\u30e0\u30da\u30fc\u30b8\",\"description\":\"\u30a8\u30f3\u30d1\u30b7\u30fc\u30a8\u30b9\u30c6\u30fc\u30c8\u5408\u540c\u4f1a\u793e\u3000\u30db\u30fc\u30e0\u30da\u30fc\u30b8\",\"potentialAction\":[{\"@type\":\"SearchAction\",\"target\":{\"@type\":\"EntryPoint\",\"urlTemplate\":\"https:\\\/\\\/kojifmu.com\\\/?s={search_term_string}\"},\"query-input\":{\"@type\":\"PropertyValueSpecification\",\"valueRequired\":true,\"valueName\":\"search_term_string\"}}],\"inLanguage\":\"ja\"}]}<\/script>\n<!-- \/ Yoast SEO plugin. -->","yoast_head_json":{"title":"\u304a\u554f\u3044\u5408\u308f\u305b - \u30a8\u30f3\u30d1\u30b7\u30fc\u30a8\u30b9\u30c6\u30fc\u30c8\u5408\u540c\u4f1a\u793e\u3000\u30db\u30fc\u30e0\u30da\u30fc\u30b8","robots":{"index":"index","follow":"follow","max-snippet":"max-snippet:-1","max-image-preview":"max-image-preview:large","max-video-preview":"max-video-preview:-1"},"canonical":"https:\/\/kojifmu.com\/?page_id=818","og_locale":"ja_JP","og_type":"article","og_title":"\u304a\u554f\u3044\u5408\u308f\u305b - \u30a8\u30f3\u30d1\u30b7\u30fc\u30a8\u30b9\u30c6\u30fc\u30c8\u5408\u540c\u4f1a\u793e\u3000\u30db\u30fc\u30e0\u30da\u30fc\u30b8","og_description":"LINE\u304b\u3089\u306e\u304a\u554f\u5408\u305b LINE\u304b\u3089\u3054\u4e88\u7d04\u306e\u5834\u5408\u3001\u4e0b\u8a18\u5185\u5bb9\u3092\u304a\u66f8\u304d\u6dfb\u3048\u304f\u3060\u3055\u3044\u307e\u305b\u3002 \u3053\u306e\u307b\u304b \u4e0d\u52d5\u7523 \u306b\u95a2\u3059\u308b\u3042\u3089\u3086\u308b\u3054\u76f8\u8ac7\u3082\u627f\u3063\u3066\u304a\u308a\u307e\u3059\u3002  \u79c1\u304c\u62c5\u5f53\u3044\u305f\u3057\u307e\u3059 \/ \u30a8\u30f3\u30d1\u30b7\u30fc\u30a8\u30b9\u30c6\u30fc\u30c8\u5408\u540c\u4f1a\u793e\u62c5\u5f53\uff1a\u4e0a\u6749  \u3054 [&hellip;]","og_url":"https:\/\/kojifmu.com\/?page_id=818","og_site_name":"\u30a8\u30f3\u30d1\u30b7\u30fc\u30a8\u30b9\u30c6\u30fc\u30c8\u5408\u540c\u4f1a\u793e\u3000\u30db\u30fc\u30e0\u30da\u30fc\u30b8","article_modified_time":"2025-04-22T15:57:15+00:00","og_image":[{"width":1024,"height":1024,"url":"https:\/\/kojifmu.com\/wp-content\/uploads\/4818C770-9E77-4648-86B7-905E252347C1.jpg","type":"image\/jpeg"}],"twitter_card":"summary_large_image","twitter_misc":{"\u63a8\u5b9a\u8aad\u307f\u53d6\u308a\u6642\u9593":"2\u5206"},"schema":{"@context":"https:\/\/schema.org","@graph":[{"@type":"WebPage","@id":"https:\/\/kojifmu.com\/?page_id=818","url":"https:\/\/kojifmu.com\/?page_id=818","name":"\u304a\u554f\u3044\u5408\u308f\u305b - \u30a8\u30f3\u30d1\u30b7\u30fc\u30a8\u30b9\u30c6\u30fc\u30c8\u5408\u540c\u4f1a\u793e\u3000\u30db\u30fc\u30e0\u30da\u30fc\u30b8","isPartOf":{"@id":"https:\/\/kojifmu.com\/#website"},"primaryImageOfPage":{"@id":"https:\/\/kojifmu.com\/?page_id=818#primaryimage"},"image":{"@id":"https:\/\/kojifmu.com\/?page_id=818#primaryimage"},"thumbnailUrl":"https:\/\/kojifmu.com\/wp-content\/uploads\/4818C770-9E77-4648-86B7-905E252347C1.jpg","datePublished":"2024-05-27T02:51:53+00:00","dateModified":"2025-04-22T15:57:15+00:00","breadcrumb":{"@id":"https:\/\/kojifmu.com\/?page_id=818#breadcrumb"},"inLanguage":"ja","potentialAction":[{"@type":"ReadAction","target":["https:\/\/kojifmu.com\/?page_id=818"]}]},{"@type":"ImageObject","inLanguage":"ja","@id":"https:\/\/kojifmu.com\/?page_id=818#primaryimage","url":"https:\/\/kojifmu.com\/wp-content\/uploads\/4818C770-9E77-4648-86B7-905E252347C1.jpg","contentUrl":"https:\/\/kojifmu.com\/wp-content\/uploads\/4818C770-9E77-4648-86B7-905E252347C1.jpg"},{"@type":"BreadcrumbList","@id":"https:\/\/kojifmu.com\/?page_id=818#breadcrumb","itemListElement":[{"@type":"ListItem","position":1,"name":"Home","item":"https:\/\/kojifmu.com\/"},{"@type":"ListItem","position":2,"name":"\u304a\u554f\u3044\u5408\u308f\u305b"}]},{"@type":"WebSite","@id":"https:\/\/kojifmu.com\/#website","url":"https:\/\/kojifmu.com\/","name":"\u30a8\u30f3\u30d1\u30b7\u30fc\u30a8\u30b9\u30c6\u30fc\u30c8\u5408\u540c\u4f1a\u793e\u3000\u30db\u30fc\u30e0\u30da\u30fc\u30b8","description":"\u30a8\u30f3\u30d1\u30b7\u30fc\u30a8\u30b9\u30c6\u30fc\u30c8\u5408\u540c\u4f1a\u793e\u3000\u30db\u30fc\u30e0\u30da\u30fc\u30b8","potentialAction":[{"@type":"SearchAction","target":{"@type":"EntryPoint","urlTemplate":"https:\/\/kojifmu.com\/?s={search_term_string}"},"query-input":{"@type":"PropertyValueSpecification","valueRequired":true,"valueName":"search_term_string"}}],"inLanguage":"ja"}]}},"_links":{"self":[{"href":"https:\/\/kojifmu.com\/index.php?rest_route=\/wp\/v2\/pages\/818","targetHints":{"allow":["GET"]}}],"collection":[{"href":"https:\/\/kojifmu.com\/index.php?rest_route=\/wp\/v2\/pages"}],"about":[{"href":"https:\/\/kojifmu.com\/index.php?rest_route=\/wp\/v2\/types\/page"}],"author":[{"embeddable":true,"href":"https:\/\/kojifmu.com\/index.php?rest_route=\/wp\/v2\/users\/1"}],"replies":[{"embeddable":true,"href":"https:\/\/kojifmu.com\/index.php?rest_route=%2Fwp%2Fv2%2Fcomments&post=818"}],"version-history":[{"count":15,"href":"https:\/\/kojifmu.com\/index.php?rest_route=\/wp\/v2\/pages\/818\/revisions"}],"predecessor-version":[{"id":2565,"href":"https:\/\/kojifmu.com\/index.php?rest_route=\/wp\/v2\/pages\/818\/revisions\/2565"}],"wp:attachment":[{"href":"https:\/\/kojifmu.com\/index.php?rest_route=%2Fwp%2Fv2%2Fmedia&parent=818"}],"curies":[{"name":"wp","href":"https:\/\/api.w.org\/{rel}","templated":true}]}}